{"id":11,"date":"2024-10-25T21:40:18","date_gmt":"2024-10-25T19:40:18","guid":{"rendered":"https:\/\/limogesanticarcerale.noblogs.org\/?page_id=11"},"modified":"2024-10-25T23:23:23","modified_gmt":"2024-10-25T21:23:23","slug":"presentation","status":"publish","type":"page","link":"https:\/\/limogesanticarcerale.noblogs.org\/?page_id=11","title":{"rendered":"Pr\u00e9sentation"},"content":{"rendered":"<p>La prison actuelle ne prot\u00e8ge personne, elle n&#8217;emp\u00eache ni les viols, ni les meurtres, ni l&rsquo;inceste&#8230; Elle est avant tout un outil de contr\u00f4le et de punition des pauvres, des non-blancs, des opposants politiques, des \u00e9trangers, des marginaux. Car plus que le d\u00e9lit ou le crime, ce qui garentit la place en prison c&rsquo;est bien la place sur l&rsquo;\u00e9chelle sociale.<\/p>\n<p>Contrairement \u00e0 ce qu&rsquo;elle pr\u00e9tend, la prison ne \u00ab\u00a0pr\u00e9pare pas la r\u00e9insertion\u00a0\u00bb, au contraire m\u00eame. Elle d\u00e9sautonomise les individus, les isole et rend leurs situations encore plus pr\u00e9caire : perte d&#8217;emplois, de logement, de liens sociaux. Et tout cela, elle le fait avec une tr\u00e8s grande violence : tabassages voir meurtre de d\u00e9tenu.es par les matons, 23 heure sur 24 pass\u00e9e dans des cubes en b\u00e9ton, privations sensorielles, humiliations&#8230;<\/p>\n<p>Ces probl\u00e8mes ne sont pas des anomalies mais les cons\u00e9quences attendues et d\u00e9sir\u00e9es du syst\u00e8me carc\u00e9ral. C&rsquo;est pour cela que notre objectif ne doit pas \u00eatre une r\u00e9forme qui rendrait la prison plus \u00ab\u00a0vivable\u00a0\u00bb mais son abolition.<\/p>\n<p>L&rsquo;abolition de la prison, ce n&rsquo;est pas une simple suppression de la prison mais la destruction du monde qui en as besoin. Une position abolitionniste implique donc une transformation radicale de la soci\u00e9t\u00e9 qui rend \u00e0 la fois la prison obsol\u00e8te et neutralise les groupes et individus qui profitent de l&rsquo;enfermement d&rsquo;autrui.<\/p>\n<p>La lutte anti-carc\u00e9rale est donc aussi une lutte anticapitaliste, antiraciste, antisp\u00e9ciste, anticoloniale, antipsychatrique, antipatriarcale, contre la domination adulte, antimilitariste&#8230; C&rsquo;est le choix d&rsquo;un angle sp\u00e9cifique pour aborder la critique de la soci\u00e9t\u00e9 autoritaire dans son ensemble.<\/p>\n<p>Afin de participer \u00e0 cette t\u00e2che, le groupe anticarc\u00e9ral de Limoges organise chaque mois un \u00e9v\u00e8nement, le plus souvent une pr\u00e9sentation suivi d&rsquo;une discussion sur un sujet sp\u00e9cifique autour des questions carc\u00e9rales. Tout cela accompagn\u00e9 d&rsquo;un infokiosque th\u00e9matique.<\/p>\n<p>Deux objectifs principaux sont poursuivis dans ces \u00e9v\u00e8nements :<\/p>\n<ul>\n<li>Ne pas r\u00e9duire la question carc\u00e9rale \u00e0 la question des conditions d&rsquo;enfermement des prisonnier.eres mais au contraire porter le sujet sur le complexe justice-police-prison et sur le carc\u00e9ralisme de mani\u00e8re plus large. Notamment parce que nous pensons que se concentrer sur la question des conditions d&rsquo;incarc\u00e9ration conduit bien souvent \u00e0 des perspectives r\u00e9formistes, m\u00eame lorsque l&rsquo;on cherche \u00e0 les \u00e9viter. C&rsquo;est notamment pour cela que nous avons abord\u00e9 le sujet de l&rsquo;antisp\u00e9cisme, de la critique de la culture de la d\u00e9fonce ou encore de la r\u00e9pression des \u00ab\u00a0mauvaises filles\u00a0\u00bb dans les instituts du Bon Pasteur.<\/li>\n<li>Faire des propositions qui vont dans le sens de l&rsquo;abolition. En plus de critiquer le syst\u00e8me actuel, il nous para\u00eet important d&rsquo;amener des r\u00e9ponses concr\u00e8tes possibles aux probl\u00e8mes que la prison pr\u00e9tend r\u00e9soudre (vols, viols, traffic de drogues, meurtres, violences&#8230;). C&rsquo;est pour cela que nous avons parl\u00e9 de d\u00e9criminalisation des drogues, d&rsquo;auto-d\u00e9fense f\u00e9ministe, de processus de responsabilisation et de transformation&#8230;<\/li>\n<\/ul>\n<p>Si ces id\u00e9es vous parlent, si vous avez envie de vous impliquer vous pouvez nous contacter \u00e0 :<\/p>\n<p style=\"text-align: center\"><strong>limogesantik@riseup.net<\/strong><\/p>\n<p>Vous pouvez aussi retrouver plus d&rsquo;informations sur notre blog :<\/p>\n<p style=\"text-align: center\"><strong>limogesanticarcerale.noblogs.org<\/strong><\/p>\n","protected":false},"excerpt":{"rendered":"<p>La prison actuelle ne prot\u00e8ge personne, elle n&#8217;emp\u00eache ni les viols, ni les meurtres, ni l&rsquo;inceste&#8230; Elle est avant tout un outil de contr\u00f4le et de punition des pauvres, des non-blancs, des opposants politiques, des \u00e9trangers, des marginaux. Car plus &hellip; <a href=\"https:\/\/limogesanticarcerale.noblogs.org\/?page_id=11\">Continuer la lecture <span class=\"meta-nav\">&rarr;<\/span><\/a><\/p>\n","protected":false},"author":20260,"featured_media":0,"parent":0,"menu_order":0,"comment_status":"closed","ping_status":"closed","template":"","meta":{"footnotes":""},"class_list":["post-11","page","type-page","status-publish","hentry"],"_links":{"self":[{"href":"https:\/\/limogesanticarcerale.noblogs.org\/index.php?rest_route=\/wp\/v2\/pages\/11","targetHints":{"allow":["GET"]}}],"collection":[{"href":"https:\/\/limogesanticarcerale.noblogs.org\/index.php?rest_route=\/wp\/v2\/pages"}],"about":[{"href":"https:\/\/limogesanticarcerale.noblogs.org\/index.php?rest_route=\/wp\/v2\/types\/page"}],"author":[{"embeddable":true,"href":"https:\/\/limogesanticarcerale.noblogs.org\/index.php?rest_route=\/wp\/v2\/users\/20260"}],"replies":[{"embeddable":true,"href":"https:\/\/limogesanticarcerale.noblogs.org\/index.php?rest_route=%2Fwp%2Fv2%2Fcomments&post=11"}],"version-history":[{"count":3,"href":"https:\/\/limogesanticarcerale.noblogs.org\/index.php?rest_route=\/wp\/v2\/pages\/11\/revisions"}],"predecessor-version":[{"id":60,"href":"https:\/\/limogesanticarcerale.noblogs.org\/index.php?rest_route=\/wp\/v2\/pages\/11\/revisions\/60"}],"wp:attachment":[{"href":"https:\/\/limogesanticarcerale.noblogs.org\/index.php?rest_route=%2Fwp%2Fv2%2Fmedia&parent=11"}],"curies":[{"name":"wp","href":"https:\/\/api.w.org\/{rel}","templated":true}]}}