{"id":5,"date":"2024-10-25T20:35:39","date_gmt":"2024-10-25T18:35:39","guid":{"rendered":"https:\/\/limogesanticarcerale.noblogs.org\/?page_id=5"},"modified":"2024-10-25T20:35:39","modified_gmt":"2024-10-25T18:35:39","slug":"liens","status":"publish","type":"page","link":"https:\/\/limogesanticarcerale.noblogs.org\/?page_id=5","title":{"rendered":"Liens"},"content":{"rendered":"<p>N&rsquo;h\u00e9sitez pas \u00e0 nous pr\u00e9senter des sites qui auraient leur place ici, par mail \u00e0 limogesantik@riseup.net.<\/p>\n<h2>Contre-information :<\/h2>\n<p>Des sites pour suivre l&rsquo;actualit\u00e9 des luttes en france (mais pas que ) : sabotages, r\u00e9pression, analyses, \u00e9v\u00e8nements et r\u00e9flexions.<\/p>\n<ul>\n<li><a href=\"https:\/\/attaque.noblogs.org\/\">attaque.noblogs.org : <\/a>Chroniques de la guerre sociale en france.<\/li>\n<li><a href=\"https:\/\/sansnom.noblogs.org\/\">sansnom.noblogs.org :<\/a><\/li>\n<li><a href=\"http:\/\/labogue.info\">labogue.info : <\/a>Site coop\u00e9ratif d&rsquo;infos et de luttes en Limousin, du <a href=\"https:\/\/reseaumutu.info\/\">r\u00e9seau mutu<\/a>. Les \u00e9v\u00e8nements du groupe anticarc\u00e9ral de Limoges sont diffus\u00e9s dessus.<\/li>\n<\/ul>\n<h2>Information sur les prisons :<\/h2>\n<p>Des sites pour s&rsquo;informer sur les prisons, des centres de d\u00e9tention au Centre de R\u00e9tention Administrative aux \u00e9tablissements p\u00e9nitenciers pour mineurs.<\/p>\n<ul>\n<li><a href=\"https:\/\/lenvolee.net\/\">lenvolee.net :<\/a> Site du journal et de l&rsquo;\u00e9mission de radios du m\u00eame nom.<\/li>\n<li><a href=\"https:\/\/oip.org\/\">oip.org :<\/a> Observatoire international des prisons &#8211; section fran\u00e7aise.<\/li>\n<li><a href=\"https:\/\/carapatage.noblogs.org\/\">carapatage.noblogs.org :<\/a> \u00c9mission de radio anticarc\u00e9rale avec des br\u00e8ves d&rsquo;actualit\u00e9s et un sujet th\u00e9matique par \u00e9mission.<\/li>\n<li><a href=\"https:\/\/abaslescra.noblogs.org\">abaslescra.noblogs.org :<\/a> Site de l&rsquo;assembl\u00e9e anti-CRA d&rsquo;\u00eele de france.<\/li>\n<\/ul>\n<h2>Solidarit\u00e9 avec les anarchistes en prisons :<\/h2>\n<p>Des sites de campagne de solidarit\u00e9 internationale, avec des listes d&rsquo;adresses pour \u00e9crire aux compas.<\/p>\n<ul>\n<li><a href=\"https:\/\/june11.noblogs.org\/\">june11.noblogs.org :<\/a> Site du 11 juin, journ\u00e9e anuelle de solidarit\u00e9 avec Marius Mason et les anarchistes enferm\u00e9.es en longue peine.<\/li>\n<li><a href=\"https:\/\/solidarity.international\/\">solidarity.international :<\/a> Site de la semaine annuelle de solidarit\u00e9 avec les anarchistes en prison, du 23 au 30 ao\u00fbt de chaque ann\u00e9e.<\/li>\n<li><a href=\"https:\/\/attaque.noblogs.org\/post\/2021\/02\/02\/adresses-des-prisonnier-e-s\/\">https:\/\/attaque.noblogs.org\/post\/2021\/02\/02\/adresses-des-prisonnier-e-s\/<\/a><\/li>\n<\/ul>\n<p>Mais aussi des sites plus sp\u00e9cifiques :<\/p>\n<ul>\n<li><a href=\"https:\/\/www.brightonabc.org.uk\/index.html\">Anarchist Black Cross Brighton<\/a><\/li>\n<li><a href=\"https:\/\/abc-belarus.org\/en\/main-page\/\">Anarchist Black Cross Belarus<\/a><\/li>\n<li><a href=\"https:\/\/www.abcf.net\">Anarchist Black Cross Federation<\/a><\/li>\n<\/ul>\n<h2>Divers :<\/h2>\n<ul>\n<li><a href=\"https:\/\/projet-evasions.org\/\">projet-evasions.org :<\/a> Un mod\u00e8le de \u00ab\u00a0poste anarchiste\u00a0\u00bb, une brochure pour \u00e9crire \u00e0 des personnes enferm\u00e9es, un podcast sur les \u00e9vasions ou encore l&rsquo;id\u00e9e de jeu de r\u00f4le \u00e9pistolaire&#8230;<\/li>\n<li><a href=\"https:\/\/limoges.demosphere.net\/\">limoges.demosphere.net :<\/a> Un agenda collaboratif de Limoges et environ. Les \u00e9v\u00e8nements du groupe anticarc\u00e9ral de Limoges sont diffus\u00e9s dessus.<\/li>\n<li><a href=\"https:\/\/infokiosques.net\/\">infokiosques.net :<\/a> Site de brochures diverses<\/li>\n<\/ul>\n","protected":false},"excerpt":{"rendered":"<p>N&rsquo;h\u00e9sitez pas \u00e0 nous pr\u00e9senter des sites qui auraient leur place ici, par mail \u00e0 limogesantik@riseup.net. Contre-information : Des sites pour suivre l&rsquo;actualit\u00e9 des luttes en france (mais pas que ) : sabotages, r\u00e9pression, analyses, \u00e9v\u00e8nements et r\u00e9flexions. attaque.noblogs.org : &hellip; <a href=\"https:\/\/limogesanticarcerale.noblogs.org\/?page_id=5\">Continuer la lecture <span class=\"meta-nav\">&rarr;<\/span><\/a><\/p>\n","protected":false},"author":20260,"featured_media":0,"parent":0,"menu_order":0,"comment_status":"closed","ping_status":"closed","template":"","meta":{"footnotes":""},"class_list":["post-5","page","type-page","status-publish","hentry"],"_links":{"self":[{"href":"https:\/\/limogesanticarcerale.noblogs.org\/index.php?rest_route=\/wp\/v2\/pages\/5","targetHints":{"allow":["GET"]}}],"collection":[{"href":"https:\/\/limogesanticarcerale.noblogs.org\/index.php?rest_route=\/wp\/v2\/pages"}],"about":[{"href":"https:\/\/limogesanticarcerale.noblogs.org\/index.php?rest_route=\/wp\/v2\/types\/page"}],"author":[{"embeddable":true,"href":"https:\/\/limogesanticarcerale.noblogs.org\/index.php?rest_route=\/wp\/v2\/users\/20260"}],"replies":[{"embeddable":true,"href":"https:\/\/limogesanticarcerale.noblogs.org\/index.php?rest_route=%2Fwp%2Fv2%2Fcomments&post=5"}],"version-history":[{"count":1,"href":"https:\/\/limogesanticarcerale.noblogs.org\/index.php?rest_route=\/wp\/v2\/pages\/5\/revisions"}],"predecessor-version":[{"id":6,"href":"https:\/\/limogesanticarcerale.noblogs.org\/index.php?rest_route=\/wp\/v2\/pages\/5\/revisions\/6"}],"wp:attachment":[{"href":"https:\/\/limogesanticarcerale.noblogs.org\/index.php?rest_route=%2Fwp%2Fv2%2Fmedia&parent=5"}],"curies":[{"name":"wp","href":"https:\/\/api.w.org\/{rel}","templated":true}]}}