{"id":62,"date":"2024-11-14T12:50:13","date_gmt":"2024-11-14T11:50:13","guid":{"rendered":"https:\/\/limogesanticarcerale.noblogs.org\/?page_id=62"},"modified":"2024-11-14T12:50:13","modified_gmt":"2024-11-14T11:50:13","slug":"ressources","status":"publish","type":"page","link":"https:\/\/limogesanticarcerale.noblogs.org\/?page_id=62","title":{"rendered":"Ressources"},"content":{"rendered":"<p>Des zines, des podcasts, des livres.<\/p>\n<h2>Critique de la prison :<\/h2>\n<ul>\n<li><a href=\"https:\/\/limogesanticarcerale.noblogs.org\/files\/2024\/11\/a-barreaux-rompus-pageparpage.pdf\">A barreaux rompus\u00a0 [Brochure]<\/a><\/li>\n<li><a href=\"https:\/\/limogesanticarcerale.noblogs.org\/files\/2024\/11\/contre_la_greve_des_matons-pageparpage.pdf\">Contre la gr\u00e8ve des matons [Brochure] [France]<\/a><\/li>\n<\/ul>\n<h3>Prisons pour mineurs\/enfants :<\/h3>\n<ul>\n<li><a href=\"https:\/\/limogesanticarcerale.noblogs.org\/files\/2024\/11\/fugue_en_si_mineur-8p-fil-2006.pdf\">Fugue en si mineur [Brochure] [France]<\/a><\/li>\n<\/ul>\n<h2>T\u00e9moignages :<\/h2>\n<h3>Prisons :<\/h3>\n<ul>\n<li><a href=\"https:\/\/limogesanticarcerale.noblogs.org\/files\/2024\/11\/auslieferung-francais-page-par-page.pdf\"><span class=\"media-list-title\">Auslieferung [Brochure] [Allemagne] [Femme]<\/span><\/a><\/li>\n<li><a href=\"https:\/\/limogesanticarcerale.noblogs.org\/files\/2024\/11\/camille-16p-a5-page-par-page_cleaned.pdf\">La taule a r\u00e9duit mon corps \u00e0 son plus petit souffle <span class=\"media-list-title\">[Brochure]<\/span> [France] [Femme]<\/a><\/li>\n<li><a href=\"https:\/\/limogesanticarcerale.noblogs.org\/files\/2024\/11\/Femmes_en_prison_qu_avient_il_de_nous-1978-12p-fil.pdf\">Femmes en prison, qu&rsquo;advient-il de nous ? [Brochure] [\u00c9tats-Unis] [Femme]<\/a><\/li>\n<li><a href=\"https:\/\/limogesanticarcerale.noblogs.org\/files\/2024\/11\/la_liberte_est_dans_notre_coeur-16pA5-fin2020-fil.pdf\">La libert\u00e9 est dans mon coeur [Brochure] [France] [Homme]<\/a><\/li>\n<li><a href=\"https:\/\/limogesanticarcerale.noblogs.org\/files\/2024\/11\/libreflot_isolementgrevefaim-2022-32pa5-pageparpage.pdf\">Libre flot du quartier d&rsquo;isolement \u00e0 la gr\u00e8ve de la faim [Brochure] [France] [Homme]<\/a><\/li>\n<li><a href=\"https:\/\/limogesanticarcerale.noblogs.org\/files\/2024\/11\/Longues_peines_SiteJK_a5-28p-fil-2020.pdf\">Longues peines, belles \u00e9chap\u00e9es [Brochure] [France] [Homme]<\/a><\/li>\n<li><a href=\"https:\/\/limogesanticarcerale.noblogs.org\/files\/2024\/11\/paroles_de_revoltes-pageparpage-octobre2023-56pa5.pdf\">Paroles de r\u00e9volt\u00e9s [Brochure] [\u00c9tats-Unis] [Homme]<\/a><\/li>\n<\/ul>\n<h3>Centre de R\u00e9tention Administrative (CRA) :<\/h3>\n<ul>\n<li><a href=\"https:\/\/limogesanticarcerale.noblogs.org\/files\/2024\/11\/luttes_et_paroles_de_prisonnier_es_du_cra_toulouse-2024-pageparpage-36pa5.pdf\">Contre les prisons et les fronti\u00e8res [Brochure] [France] :<\/a> La premi\u00e8re partie est une pr\u00e9sentation des CRA ainsi qu&rsquo;une analyse de l&rsquo;utilit\u00e9 des fronti\u00e8res dans la soci\u00e9t\u00e9 capitaliste.<\/li>\n<li><a href=\"https:\/\/limogesanticarcerale.noblogs.org\/files\/2024\/11\/paroles_denfermes-36p-A4-fil.pdf\">Paroles d&rsquo;enferm\u00e9s [Brochure] [France]<\/a><\/li>\n<\/ul>\n<h2>Luttes contre la prison :<\/h2>\n<ul>\n<li><a href=\"https:\/\/limogesanticarcerale.noblogs.org\/files\/2024\/11\/bruit_et_saccage-oct2022-pageparpage-44pa5.pdf\">Bruit et Saccage [Brochure] [France]<\/a><\/li>\n<\/ul>\n<h2>Critiques de la justice :<\/h2>\n<ul>\n<li><a href=\"https:\/\/limogesanticarcerale.noblogs.org\/files\/2024\/11\/comparution_immediate_outil_de_justice_expeditiv-juin2023-pageparpage-36pa5.pdf\">Comparution imm\u00e9diate, outil de justice exp\u00e9ditive [Brochure] [France]<\/a><\/li>\n<li><a href=\"https:\/\/limogesanticarcerale.noblogs.org\/files\/2024\/11\/la-justice-contre-la-revolte-pageparpage.pdf\">La justice contre la r\u00e9volte [Brochure] [France]<\/a><\/li>\n<\/ul>\n<h2>Antipsy :<\/h2>\n<ul>\n<li><a href=\"https:\/\/limogesanticarcerale.noblogs.org\/files\/2024\/11\/l_abolition_carcerale_doit_inclure_la_psychiatrie-fil-juillet2020-8pA5.pdf\">L&rsquo;abolition carc\u00e9rale doit inclure la psychatrie [Brochure]<\/a><\/li>\n<\/ul>\n<h2>Outils :<\/h2>\n<h3>Aide envers des proches enferm\u00e9.es :<\/h3>\n<ul>\n<li><a href=\"https:\/\/limogesanticarcerale.noblogs.org\/files\/2024\/11\/ecrire-vers-la-prison-v2.pdf\">\u00c9crire vers la prison [brochure]<\/a><\/li>\n<li><a href=\"https:\/\/limogesanticarcerale.noblogs.org\/files\/2024\/11\/guide_pour_ecrire_aux_personnes_detenues-pageparpage.pdf\">Guide pour \u00e9crire aux personnes d\u00e9tenu.es [brochure]<\/a><\/li>\n<\/ul>\n<p>Dans la cat\u00e9gorie liens, vous trouverez des sites avec des listes de prisonnier.eres anarchistes et d&rsquo;autres rebelles.<\/p>\n<h3>Autres :<\/h3>\n<ul>\n<li><a href=\"https:\/\/limogesanticarcerale.noblogs.org\/files\/2024\/11\/folle_volonte_de_tout_controler-avril2024-188pa5-pageparpage.pdf\">La folle volont\u00e9 de tout contr\u00f4ler [brochure]<\/a><\/li>\n<\/ul>\n","protected":false},"excerpt":{"rendered":"<p>Des zines, des podcasts, des livres. Critique de la prison : A barreaux rompus\u00a0 [Brochure] Contre la gr\u00e8ve des matons [Brochure] [France] Prisons pour mineurs\/enfants : Fugue en si mineur [Brochure] [France] T\u00e9moignages : Prisons : Auslieferung [Brochure] [Allemagne] [Femme] &hellip; <a href=\"https:\/\/limogesanticarcerale.noblogs.org\/?page_id=62\">Continuer la lecture <span class=\"meta-nav\">&rarr;<\/span><\/a><\/p>\n","protected":false},"author":20260,"featured_media":0,"parent":0,"menu_order":0,"comment_status":"closed","ping_status":"closed","template":"","meta":{"footnotes":""},"class_list":["post-62","page","type-page","status-publish","hentry"],"_links":{"self":[{"href":"https:\/\/limogesanticarcerale.noblogs.org\/index.php?rest_route=\/wp\/v2\/pages\/62","targetHints":{"allow":["GET"]}}],"collection":[{"href":"https:\/\/limogesanticarcerale.noblogs.org\/index.php?rest_route=\/wp\/v2\/pages"}],"about":[{"href":"https:\/\/limogesanticarcerale.noblogs.org\/index.php?rest_route=\/wp\/v2\/types\/page"}],"author":[{"embeddable":true,"href":"https:\/\/limogesanticarcerale.noblogs.org\/index.php?rest_route=\/wp\/v2\/users\/20260"}],"replies":[{"embeddable":true,"href":"https:\/\/limogesanticarcerale.noblogs.org\/index.php?rest_route=%2Fwp%2Fv2%2Fcomments&post=62"}],"version-history":[{"count":1,"href":"https:\/\/limogesanticarcerale.noblogs.org\/index.php?rest_route=\/wp\/v2\/pages\/62\/revisions"}],"predecessor-version":[{"id":85,"href":"https:\/\/limogesanticarcerale.noblogs.org\/index.php?rest_route=\/wp\/v2\/pages\/62\/revisions\/85"}],"wp:attachment":[{"href":"https:\/\/limogesanticarcerale.noblogs.org\/index.php?rest_route=%2Fwp%2Fv2%2Fmedia&parent=62"}],"curies":[{"name":"wp","href":"https:\/\/api.w.org\/{rel}","templated":true}]}}